{"id":9,"date":"2022-06-02T14:56:58","date_gmt":"2022-06-02T12:56:58","guid":{"rendered":"http:\/\/ac-informatique.fr\/?page_id=9"},"modified":"2023-10-06T09:17:48","modified_gmt":"2023-10-06T07:17:48","slug":"activites","status":"publish","type":"page","link":"https:\/\/www.ac-informatique.fr\/?page_id=9","title":{"rendered":"Activit\u00e9s"},"content":{"rendered":"\n<div class=\"wp-block-cover alignfull\" style=\"min-height:133px;aspect-ratio:unset;\"><span aria-hidden=\"true\" class=\"wp-block-cover__background has-nv-site-bg-background-color has-background-dim-100 has-background-dim\"><\/span><div class=\"wp-block-cover__inner-container is-layout-flow wp-block-cover-is-layout-flow\">\n<div class=\"wp-block-group\"><div class=\"wp-block-group__inner-container is-layout-flow wp-block-group-is-layout-flow\">\n<h1 class=\"wp-block-heading has-text-align-left has-neve-text-color-color has-text-color\">Domaines d&rsquo;activit\u00e9<\/h1>\n<\/div><\/div>\n<\/div><\/div>\n\n\n\n<div class=\"wp-block-cover alignfull\" style=\"min-height:600px;aspect-ratio:unset;\"><span aria-hidden=\"true\" class=\"wp-block-cover__background has-nv-light-bg-background-color has-background-dim-100 has-background-dim\"><\/span><div class=\"wp-block-cover__inner-container is-layout-flow wp-block-cover-is-layout-flow\">\n<div class=\"wp-block-group\"><div class=\"wp-block-group__inner-container is-layout-flow wp-block-group-is-layout-flow\">\n<div style=\"height:80px\" aria-hidden=\"true\" class=\"wp-block-spacer\"><\/div>\n\n\n\n<div class=\"wp-block-columns are-vertically-aligned-center is-layout-flex wp-container-core-columns-is-layout-9d6595d7 wp-block-columns-is-layout-flex\">\n<div class=\"wp-block-column is-vertically-aligned-center is-layout-flow wp-block-column-is-layout-flow\" style=\"flex-basis:50%\">\n<figure class=\"wp-block-image size-full\"><img loading=\"lazy\" decoding=\"async\" width=\"602\" height=\"431\" src=\"http:\/\/ac-informatique.fr\/wp-content\/uploads\/2022\/06\/PhotoMateriel.jpg\" alt=\"\" class=\"wp-image-90\" srcset=\"https:\/\/www.ac-informatique.fr\/wp-content\/uploads\/2022\/06\/PhotoMateriel.jpg 602w, https:\/\/www.ac-informatique.fr\/wp-content\/uploads\/2022\/06\/PhotoMateriel-300x215.jpg 300w\" sizes=\"auto, (max-width: 602px) 100vw, 602px\" \/><\/figure>\n\n\n\n<h3 class=\"wp-block-heading has-text-align-center has-neve-text-color-color has-text-color\">Mat\u00e9riels Informatiques<\/h3>\n\n\n\n<p class=\"has-text-align-center has-neve-text-color-color has-text-color\">Nous vous proposons des mat\u00e9riels constructeurs, apr\u00e8s avoir \u00e9tudi\u00e9 avec vous la configuration dont vous avez besoin<\/p>\n\n\n\n<div class=\"wp-block-buttons is-content-justification-center is-layout-flex wp-container-core-buttons-is-layout-16018d1d wp-block-buttons-is-layout-flex\">\n<div class=\"wp-block-button is-style-primary\"><a class=\"wp-block-button__link wp-element-button\">D\u00e9tails<\/a><\/div>\n<\/div>\n\n\n\n<div style=\"height:40px\" aria-hidden=\"true\" class=\"wp-block-spacer\"><\/div>\n<\/div>\n\n\n\n<div class=\"wp-block-column is-vertically-aligned-center is-layout-flow wp-block-column-is-layout-flow\" style=\"flex-basis:50%\">\n<figure class=\"wp-block-image size-full\"><img loading=\"lazy\" decoding=\"async\" width=\"750\" height=\"364\" src=\"http:\/\/ac-informatique.fr\/wp-content\/uploads\/2022\/06\/PhotoTPE.jpg\" alt=\"\" class=\"wp-image-81\" srcset=\"https:\/\/www.ac-informatique.fr\/wp-content\/uploads\/2022\/06\/PhotoTPE.jpg 750w, https:\/\/www.ac-informatique.fr\/wp-content\/uploads\/2022\/06\/PhotoTPE-300x146.jpg 300w\" sizes=\"auto, (max-width: 750px) 100vw, 750px\" \/><\/figure>\n\n\n\n<h3 class=\"wp-block-heading has-text-align-center has-neve-text-color-color has-text-color\">Logiciels de Gestion<\/h3>\n\n\n\n<p class=\"has-text-align-center has-neve-text-color-color has-text-color\">Partenaire CEGID, nous vous proposons les logiciels de la gamme QUADRA, en comptabilit\u00e9, facturation et paie. Vous \u00eates artisan, commer\u00e7ant, TPE ou PME, b\u00e9n\u00e9ficiez d&rsquo;un logiciel complet pour g\u00e9rer tous les aspects de votre activit\u00e9.<\/p>\n\n\n\n<div class=\"wp-block-buttons is-content-justification-center is-layout-flex wp-container-core-buttons-is-layout-16018d1d wp-block-buttons-is-layout-flex\">\n<div class=\"wp-block-button is-style-primary\"><a class=\"wp-block-button__link wp-element-button\" href=\"http:\/\/www.ac-informatique.fr\/wp-content\/uploads\/2023\/10\/ACI_ENR_PRO_08_G-Certificat-RN-0244.pdf\">Certificat Qualiopi<\/a><\/div>\n<\/div>\n\n\n\n<div style=\"height:40px\" aria-hidden=\"true\" class=\"wp-block-spacer\"><\/div>\n<\/div>\n<\/div>\n\n\n\n<div style=\"height:40px\" aria-hidden=\"true\" class=\"wp-block-spacer\"><\/div>\n<\/div><\/div>\n<\/div><\/div>\n\n\n\n<div class=\"wp-block-cover alignfull\" style=\"min-height:600px;aspect-ratio:unset;\"><span aria-hidden=\"true\" class=\"wp-block-cover__background has-nv-site-bg-background-color has-background-dim-100 has-background-dim\"><\/span><div class=\"wp-block-cover__inner-container is-layout-flow wp-block-cover-is-layout-flow\">\n<div class=\"wp-block-group\"><div class=\"wp-block-group__inner-container is-layout-flow wp-block-group-is-layout-flow\">\n<div style=\"height:80px\" aria-hidden=\"true\" class=\"wp-block-spacer\"><\/div>\n\n\n\n<div class=\"wp-block-columns are-vertically-aligned-center is-layout-flex wp-container-core-columns-is-layout-9d6595d7 wp-block-columns-is-layout-flex\">\n<div class=\"wp-block-column is-vertically-aligned-center is-layout-flow wp-block-column-is-layout-flow\" style=\"flex-basis:50%\">\n<figure class=\"wp-block-image size-full\"><img loading=\"lazy\" decoding=\"async\" width=\"843\" height=\"694\" src=\"http:\/\/ac-informatique.fr\/wp-content\/uploads\/2022\/06\/PhotoImprimanteEpson.jpg\" alt=\"\" class=\"wp-image-88\" srcset=\"https:\/\/www.ac-informatique.fr\/wp-content\/uploads\/2022\/06\/PhotoImprimanteEpson.jpg 843w, https:\/\/www.ac-informatique.fr\/wp-content\/uploads\/2022\/06\/PhotoImprimanteEpson-300x247.jpg 300w, https:\/\/www.ac-informatique.fr\/wp-content\/uploads\/2022\/06\/PhotoImprimanteEpson-768x632.jpg 768w\" sizes=\"auto, (max-width: 843px) 100vw, 843px\" \/><\/figure>\n\n\n\n<h3 class=\"wp-block-heading has-text-align-center has-neve-text-color-color has-text-color\">Impression<\/h3>\n\n\n\n<p class=\"has-text-align-center has-neve-text-color-color has-text-color\">Partenaire privil\u00e9gi\u00e9 de la marque EPSON, nous vous proposons une large gamme d&rsquo;imprimantes et multifonctions<\/p>\n\n\n\n<div class=\"wp-block-buttons is-content-justification-center is-layout-flex wp-container-core-buttons-is-layout-16018d1d wp-block-buttons-is-layout-flex\">\n<div class=\"wp-block-button is-style-primary\"><a class=\"wp-block-button__link wp-element-button\" href=\"#\">D\u00e9tails<\/a><\/div>\n<\/div>\n\n\n\n<div style=\"height:40px\" aria-hidden=\"true\" class=\"wp-block-spacer\"><\/div>\n<\/div>\n\n\n\n<div class=\"wp-block-column is-vertically-aligned-center is-layout-flow wp-block-column-is-layout-flow\" style=\"flex-basis:50%\">\n<figure class=\"wp-block-image size-full\"><img loading=\"lazy\" decoding=\"async\" width=\"612\" height=\"434\" src=\"http:\/\/ac-informatique.fr\/wp-content\/uploads\/2022\/06\/PhotoSauvegarde.jpg\" alt=\"\" class=\"wp-image-83\" srcset=\"https:\/\/www.ac-informatique.fr\/wp-content\/uploads\/2022\/06\/PhotoSauvegarde.jpg 612w, https:\/\/www.ac-informatique.fr\/wp-content\/uploads\/2022\/06\/PhotoSauvegarde-300x213.jpg 300w\" sizes=\"auto, (max-width: 612px) 100vw, 612px\" \/><figcaption class=\"wp-element-caption\">Backup files and data on internet with cloud storage technology that sync all online devices and computers with network connection, protection against loss, business person touch screen icon concept<\/figcaption><\/figure>\n\n\n\n<h3 class=\"wp-block-heading has-text-align-center has-neve-text-color-color has-text-color\">Sauvegarde<\/h3>\n\n\n\n<p class=\"has-text-align-center has-neve-text-color-color has-text-color\">S\u00e9curisez vos donn\u00e9es en les externalisant<\/p>\n\n\n\n<div class=\"wp-block-buttons is-content-justification-center is-layout-flex wp-container-core-buttons-is-layout-16018d1d wp-block-buttons-is-layout-flex\">\n<div class=\"wp-block-button is-style-primary\"><a class=\"wp-block-button__link wp-element-button\" href=\"#\">D\u00e9tails<\/a><\/div>\n<\/div>\n\n\n\n<div style=\"height:40px\" aria-hidden=\"true\" class=\"wp-block-spacer\"><\/div>\n<\/div>\n<\/div>\n<\/div><\/div>\n<\/div><\/div>\n\n\n\n<div class=\"wp-block-buttons is-layout-flex wp-block-buttons-is-layout-flex\"><\/div>\n","protected":false},"excerpt":{"rendered":"","protected":false},"author":1,"featured_media":0,"parent":0,"menu_order":0,"comment_status":"closed","ping_status":"closed","template":"","meta":{"neve_meta_sidebar":"","neve_meta_container":"","neve_meta_enable_content_width":"on","neve_meta_content_width":100,"neve_meta_title_alignment":"","neve_meta_author_avatar":"","neve_post_elements_order":"","neve_meta_disable_header":"","neve_meta_disable_footer":"","neve_meta_disable_title":"on","footnotes":""},"class_list":["post-9","page","type-page","status-publish","hentry"],"yoast_head":"<!-- This site is optimized with the Yoast SEO plugin v22.8 - https:\/\/yoast.com\/wordpress\/plugins\/seo\/ -->\n<title>Activit\u00e9s - AC INFORMATIQUE<\/title>\n<meta name=\"robots\" content=\"index, follow, max-snippet:-1, max-image-preview:large, max-video-preview:-1\" \/>\n<link rel=\"canonical\" href=\"https:\/\/www.ac-informatique.fr\/?page_id=9\" \/>\n<meta property=\"og:locale\" content=\"fr_FR\" \/>\n<meta property=\"og:type\" content=\"article\" \/>\n<meta property=\"og:title\" content=\"Activit\u00e9s - AC INFORMATIQUE\" \/>\n<meta property=\"og:url\" content=\"https:\/\/www.ac-informatique.fr\/?page_id=9\" \/>\n<meta property=\"og:site_name\" content=\"AC INFORMATIQUE\" \/>\n<meta property=\"article:modified_time\" content=\"2023-10-06T07:17:48+00:00\" \/>\n<meta property=\"og:image\" content=\"http:\/\/ac-informatique.fr\/wp-content\/uploads\/2022\/06\/PhotoMateriel.jpg\" \/>\n<meta name=\"twitter:card\" content=\"summary_large_image\" \/>\n<meta name=\"twitter:label1\" content=\"Dur\u00e9e de lecture estim\u00e9e\" \/>\n\t<meta name=\"twitter:data1\" content=\"2 minutes\" \/>\n<script type=\"application\/ld+json\" class=\"yoast-schema-graph\">{\"@context\":\"https:\/\/schema.org\",\"@graph\":[{\"@type\":\"WebPage\",\"@id\":\"https:\/\/www.ac-informatique.fr\/?page_id=9\",\"url\":\"https:\/\/www.ac-informatique.fr\/?page_id=9\",\"name\":\"Activit\u00e9s - AC INFORMATIQUE\",\"isPartOf\":{\"@id\":\"http:\/\/www.ac-informatique.fr\/#website\"},\"primaryImageOfPage\":{\"@id\":\"https:\/\/www.ac-informatique.fr\/?page_id=9#primaryimage\"},\"image\":{\"@id\":\"https:\/\/www.ac-informatique.fr\/?page_id=9#primaryimage\"},\"thumbnailUrl\":\"http:\/\/ac-informatique.fr\/wp-content\/uploads\/2022\/06\/PhotoMateriel.jpg\",\"datePublished\":\"2022-06-02T12:56:58+00:00\",\"dateModified\":\"2023-10-06T07:17:48+00:00\",\"breadcrumb\":{\"@id\":\"https:\/\/www.ac-informatique.fr\/?page_id=9#breadcrumb\"},\"inLanguage\":\"fr-FR\",\"potentialAction\":[{\"@type\":\"ReadAction\",\"target\":[\"https:\/\/www.ac-informatique.fr\/?page_id=9\"]}]},{\"@type\":\"ImageObject\",\"inLanguage\":\"fr-FR\",\"@id\":\"https:\/\/www.ac-informatique.fr\/?page_id=9#primaryimage\",\"url\":\"http:\/\/ac-informatique.fr\/wp-content\/uploads\/2022\/06\/PhotoMateriel.jpg\",\"contentUrl\":\"http:\/\/ac-informatique.fr\/wp-content\/uploads\/2022\/06\/PhotoMateriel.jpg\"},{\"@type\":\"BreadcrumbList\",\"@id\":\"https:\/\/www.ac-informatique.fr\/?page_id=9#breadcrumb\",\"itemListElement\":[{\"@type\":\"ListItem\",\"position\":1,\"name\":\"Accueil\",\"item\":\"http:\/\/www.ac-informatique.fr\/\"},{\"@type\":\"ListItem\",\"position\":2,\"name\":\"Activit\u00e9s\"}]},{\"@type\":\"WebSite\",\"@id\":\"http:\/\/www.ac-informatique.fr\/#website\",\"url\":\"http:\/\/www.ac-informatique.fr\/\",\"name\":\"AC INFORMATIQUE\",\"description\":\"Votre service Informatique de proximit\u00e9\",\"publisher\":{\"@id\":\"http:\/\/www.ac-informatique.fr\/#organization\"},\"potentialAction\":[{\"@type\":\"SearchAction\",\"target\":{\"@type\":\"EntryPoint\",\"urlTemplate\":\"http:\/\/www.ac-informatique.fr\/?s={search_term_string}\"},\"query-input\":\"required name=search_term_string\"}],\"inLanguage\":\"fr-FR\"},{\"@type\":\"Organization\",\"@id\":\"http:\/\/www.ac-informatique.fr\/#organization\",\"name\":\"AC INFORMATIQUE\",\"url\":\"http:\/\/www.ac-informatique.fr\/\",\"logo\":{\"@type\":\"ImageObject\",\"inLanguage\":\"fr-FR\",\"@id\":\"http:\/\/www.ac-informatique.fr\/#\/schema\/logo\/image\/\",\"url\":\"http:\/\/www.ac-informatique.fr\/wp-content\/uploads\/2022\/06\/LogoACI.jpg\",\"contentUrl\":\"http:\/\/www.ac-informatique.fr\/wp-content\/uploads\/2022\/06\/LogoACI.jpg\",\"width\":303,\"height\":222,\"caption\":\"AC INFORMATIQUE\"},\"image\":{\"@id\":\"http:\/\/www.ac-informatique.fr\/#\/schema\/logo\/image\/\"}}]}<\/script>\n<!-- \/ Yoast SEO plugin. -->","yoast_head_json":{"title":"Activit\u00e9s - AC INFORMATIQUE","robots":{"index":"index","follow":"follow","max-snippet":"max-snippet:-1","max-image-preview":"max-image-preview:large","max-video-preview":"max-video-preview:-1"},"canonical":"https:\/\/www.ac-informatique.fr\/?page_id=9","og_locale":"fr_FR","og_type":"article","og_title":"Activit\u00e9s - AC INFORMATIQUE","og_url":"https:\/\/www.ac-informatique.fr\/?page_id=9","og_site_name":"AC INFORMATIQUE","article_modified_time":"2023-10-06T07:17:48+00:00","og_image":[{"url":"http:\/\/ac-informatique.fr\/wp-content\/uploads\/2022\/06\/PhotoMateriel.jpg"}],"twitter_card":"summary_large_image","twitter_misc":{"Dur\u00e9e de lecture estim\u00e9e":"2 minutes"},"schema":{"@context":"https:\/\/schema.org","@graph":[{"@type":"WebPage","@id":"https:\/\/www.ac-informatique.fr\/?page_id=9","url":"https:\/\/www.ac-informatique.fr\/?page_id=9","name":"Activit\u00e9s - AC INFORMATIQUE","isPartOf":{"@id":"http:\/\/www.ac-informatique.fr\/#website"},"primaryImageOfPage":{"@id":"https:\/\/www.ac-informatique.fr\/?page_id=9#primaryimage"},"image":{"@id":"https:\/\/www.ac-informatique.fr\/?page_id=9#primaryimage"},"thumbnailUrl":"http:\/\/ac-informatique.fr\/wp-content\/uploads\/2022\/06\/PhotoMateriel.jpg","datePublished":"2022-06-02T12:56:58+00:00","dateModified":"2023-10-06T07:17:48+00:00","breadcrumb":{"@id":"https:\/\/www.ac-informatique.fr\/?page_id=9#breadcrumb"},"inLanguage":"fr-FR","potentialAction":[{"@type":"ReadAction","target":["https:\/\/www.ac-informatique.fr\/?page_id=9"]}]},{"@type":"ImageObject","inLanguage":"fr-FR","@id":"https:\/\/www.ac-informatique.fr\/?page_id=9#primaryimage","url":"http:\/\/ac-informatique.fr\/wp-content\/uploads\/2022\/06\/PhotoMateriel.jpg","contentUrl":"http:\/\/ac-informatique.fr\/wp-content\/uploads\/2022\/06\/PhotoMateriel.jpg"},{"@type":"BreadcrumbList","@id":"https:\/\/www.ac-informatique.fr\/?page_id=9#breadcrumb","itemListElement":[{"@type":"ListItem","position":1,"name":"Accueil","item":"http:\/\/www.ac-informatique.fr\/"},{"@type":"ListItem","position":2,"name":"Activit\u00e9s"}]},{"@type":"WebSite","@id":"http:\/\/www.ac-informatique.fr\/#website","url":"http:\/\/www.ac-informatique.fr\/","name":"AC INFORMATIQUE","description":"Votre service Informatique de proximit\u00e9","publisher":{"@id":"http:\/\/www.ac-informatique.fr\/#organization"},"potentialAction":[{"@type":"SearchAction","target":{"@type":"EntryPoint","urlTemplate":"http:\/\/www.ac-informatique.fr\/?s={search_term_string}"},"query-input":"required name=search_term_string"}],"inLanguage":"fr-FR"},{"@type":"Organization","@id":"http:\/\/www.ac-informatique.fr\/#organization","name":"AC INFORMATIQUE","url":"http:\/\/www.ac-informatique.fr\/","logo":{"@type":"ImageObject","inLanguage":"fr-FR","@id":"http:\/\/www.ac-informatique.fr\/#\/schema\/logo\/image\/","url":"http:\/\/www.ac-informatique.fr\/wp-content\/uploads\/2022\/06\/LogoACI.jpg","contentUrl":"http:\/\/www.ac-informatique.fr\/wp-content\/uploads\/2022\/06\/LogoACI.jpg","width":303,"height":222,"caption":"AC INFORMATIQUE"},"image":{"@id":"http:\/\/www.ac-informatique.fr\/#\/schema\/logo\/image\/"}}]}},"_links":{"self":[{"href":"https:\/\/www.ac-informatique.fr\/index.php?rest_route=\/wp\/v2\/pages\/9","targetHints":{"allow":["GET"]}}],"collection":[{"href":"https:\/\/www.ac-informatique.fr\/index.php?rest_route=\/wp\/v2\/pages"}],"about":[{"href":"https:\/\/www.ac-informatique.fr\/index.php?rest_route=\/wp\/v2\/types\/page"}],"author":[{"embeddable":true,"href":"https:\/\/www.ac-informatique.fr\/index.php?rest_route=\/wp\/v2\/users\/1"}],"replies":[{"embeddable":true,"href":"https:\/\/www.ac-informatique.fr\/index.php?rest_route=%2Fwp%2Fv2%2Fcomments&post=9"}],"version-history":[{"count":16,"href":"https:\/\/www.ac-informatique.fr\/index.php?rest_route=\/wp\/v2\/pages\/9\/revisions"}],"predecessor-version":[{"id":153,"href":"https:\/\/www.ac-informatique.fr\/index.php?rest_route=\/wp\/v2\/pages\/9\/revisions\/153"}],"wp:attachment":[{"href":"https:\/\/www.ac-informatique.fr\/index.php?rest_route=%2Fwp%2Fv2%2Fmedia&parent=9"}],"curies":[{"name":"wp","href":"https:\/\/api.w.org\/{rel}","templated":true}]}}