{"id":7,"date":"2022-06-02T14:56:58","date_gmt":"2022-06-02T12:56:58","guid":{"rendered":"http:\/\/ac-informatique.fr\/?page_id=7"},"modified":"2022-06-08T16:31:15","modified_gmt":"2022-06-08T14:31:15","slug":"a-propos","status":"publish","type":"page","link":"https:\/\/www.ac-informatique.fr\/?page_id=7","title":{"rendered":"\u00c0 propos"},"content":{"rendered":"\n<div class=\"wp-block-cover alignfull\" style=\"min-height:326px;aspect-ratio:unset;\"><span aria-hidden=\"true\" class=\"wp-block-cover__background has-nv-site-bg-background-color has-background-dim-100 has-background-dim\"><\/span><div class=\"wp-block-cover__inner-container is-layout-flow wp-block-cover-is-layout-flow\">\n<div class=\"wp-block-group\"><div class=\"wp-block-group__inner-container is-layout-flow wp-block-group-is-layout-flow\">\n<h2 class=\"wp-block-heading\"><\/h2>\n\n\n\n<h2 class=\"wp-block-heading\"><\/h2>\n\n\n\n<h2 class=\"has-neve-link-color-color has-text-color wp-block-heading\">Pr\u00e9sentation de la Soci\u00e9t\u00e9<\/h2>\n<\/div><\/div>\n<\/div><\/div>\n\n\n\n<div class=\"wp-block-cover alignfull\" style=\"min-height:600px;aspect-ratio:unset;\"><span aria-hidden=\"true\" class=\"wp-block-cover__background has-nv-light-bg-background-color has-background-dim-100 has-background-dim\"><\/span><div class=\"wp-block-cover__inner-container is-layout-flow wp-block-cover-is-layout-flow\">\n<div class=\"wp-block-group\"><div class=\"wp-block-group__inner-container is-layout-flow wp-block-group-is-layout-flow\">\n<div style=\"height:80px\" aria-hidden=\"true\" class=\"wp-block-spacer\"><\/div>\n\n\n\n<div class=\"wp-block-columns are-vertically-aligned-center is-layout-flex wp-container-core-columns-is-layout-9d6595d7 wp-block-columns-is-layout-flex\">\n<div class=\"wp-block-column is-vertically-aligned-center is-layout-flow wp-block-column-is-layout-flow\" style=\"flex-basis:50%\">\n<figure class=\"wp-block-image size-large\"><img loading=\"lazy\" decoding=\"async\" width=\"1024\" height=\"768\" src=\"http:\/\/ac-informatique.fr\/wp-content\/uploads\/2022\/06\/PhotoBureau-1-1024x768.jpg\" alt=\"\" class=\"wp-image-98\" srcset=\"https:\/\/www.ac-informatique.fr\/wp-content\/uploads\/2022\/06\/PhotoBureau-1-1024x768.jpg 1024w, https:\/\/www.ac-informatique.fr\/wp-content\/uploads\/2022\/06\/PhotoBureau-1-300x225.jpg 300w, https:\/\/www.ac-informatique.fr\/wp-content\/uploads\/2022\/06\/PhotoBureau-1-768x576.jpg 768w, https:\/\/www.ac-informatique.fr\/wp-content\/uploads\/2022\/06\/PhotoBureau-1-1536x1152.jpg 1536w, https:\/\/www.ac-informatique.fr\/wp-content\/uploads\/2022\/06\/PhotoBureau-1-2048x1536.jpg 2048w\" sizes=\"auto, (max-width: 1024px) 100vw, 1024px\" \/><\/figure>\n<\/div>\n\n\n\n<div class=\"wp-block-column is-vertically-aligned-center is-layout-flow wp-block-column-is-layout-flow\" style=\"flex-basis:50%\">\n<h2 class=\"has-neve-text-color-color has-text-color wp-block-heading\">Notre Histoire<\/h2>\n\n\n\n<p class=\"has-neve-text-color-color has-text-color has-medium-font-size\">La soci\u00e9t\u00e9 AC.INFORMATIQUE est une SAS au capital de 27000 \u20ac cr\u00e9\u00e9e en 1994 .<\/p>\n\n\n\n<p class=\"has-neve-link-color-color has-text-color\">Elle compte un effectif de 4 salari\u00e9s, et maintient une collaboration etroites avec les cabinets comptables de la r\u00e9gion Roannaise.<\/p>\n\n\n\n<p class=\"has-neve-link-color-color has-text-color\">Depuis plus de 20 ans, cette soci\u00e9t\u00e9 est au service de ses clients pour les aider \u00e0 mettre en place ou d\u00e9velopper leurs syst\u00e8mes informatiques.<\/p>\n\n\n\n<p class=\"has-neve-link-color-color has-text-color\">Elle assiste ses clients, aussi bien des TPE que des PME, \u00e0 l\u2019acquisition et l&rsquo;installation de mat\u00e9riels et de logiciels informatiques et leur fournit un support technique d\u2019accompagnement \u00e0 l\u2019exploitation.<\/p>\n\n\n\n<p class=\"has-neve-link-color-color has-text-color\">La soci\u00e9t\u00e9 compte plus de 500 clients dans diff\u00e9rents domaines, industriels, services, commerces et collectivit\u00e9s.<\/p>\n\n\n\n<p class=\"has-neve-link-color-color has-text-color\"><\/p>\n<\/div>\n<\/div>\n\n\n\n<div style=\"height:40px\" aria-hidden=\"true\" class=\"wp-block-spacer\"><\/div>\n<\/div><\/div>\n<\/div><\/div>\n","protected":false},"excerpt":{"rendered":"","protected":false},"author":1,"featured_media":0,"parent":0,"menu_order":0,"comment_status":"closed","ping_status":"closed","template":"","meta":{"neve_meta_sidebar":"","neve_meta_container":"","neve_meta_enable_content_width":"on","neve_meta_content_width":100,"neve_meta_title_alignment":"","neve_meta_author_avatar":"","neve_post_elements_order":"","neve_meta_disable_header":"","neve_meta_disable_footer":"","neve_meta_disable_title":"on","footnotes":""},"class_list":["post-7","page","type-page","status-publish","hentry"],"yoast_head":"<!-- This site is optimized with the Yoast SEO plugin v22.8 - https:\/\/yoast.com\/wordpress\/plugins\/seo\/ -->\n<title>\u00c0 propos - AC INFORMATIQUE<\/title>\n<meta name=\"robots\" content=\"index, follow, max-snippet:-1, max-image-preview:large, max-video-preview:-1\" \/>\n<link rel=\"canonical\" href=\"https:\/\/www.ac-informatique.fr\/?page_id=7\" \/>\n<meta property=\"og:locale\" content=\"fr_FR\" \/>\n<meta property=\"og:type\" content=\"article\" \/>\n<meta property=\"og:title\" content=\"\u00c0 propos - AC INFORMATIQUE\" \/>\n<meta property=\"og:url\" content=\"https:\/\/www.ac-informatique.fr\/?page_id=7\" \/>\n<meta property=\"og:site_name\" content=\"AC INFORMATIQUE\" \/>\n<meta property=\"article:modified_time\" content=\"2022-06-08T14:31:15+00:00\" \/>\n<meta property=\"og:image\" content=\"http:\/\/ac-informatique.fr\/wp-content\/uploads\/2022\/06\/PhotoBureau-1-1024x768.jpg\" \/>\n<meta name=\"twitter:card\" content=\"summary_large_image\" \/>\n<meta name=\"twitter:label1\" content=\"Dur\u00e9e de lecture estim\u00e9e\" \/>\n\t<meta name=\"twitter:data1\" content=\"1 minute\" \/>\n<script type=\"application\/ld+json\" class=\"yoast-schema-graph\">{\"@context\":\"https:\/\/schema.org\",\"@graph\":[{\"@type\":\"WebPage\",\"@id\":\"https:\/\/www.ac-informatique.fr\/?page_id=7\",\"url\":\"https:\/\/www.ac-informatique.fr\/?page_id=7\",\"name\":\"\u00c0 propos - AC INFORMATIQUE\",\"isPartOf\":{\"@id\":\"http:\/\/www.ac-informatique.fr\/#website\"},\"primaryImageOfPage\":{\"@id\":\"https:\/\/www.ac-informatique.fr\/?page_id=7#primaryimage\"},\"image\":{\"@id\":\"https:\/\/www.ac-informatique.fr\/?page_id=7#primaryimage\"},\"thumbnailUrl\":\"http:\/\/ac-informatique.fr\/wp-content\/uploads\/2022\/06\/PhotoBureau-1-1024x768.jpg\",\"datePublished\":\"2022-06-02T12:56:58+00:00\",\"dateModified\":\"2022-06-08T14:31:15+00:00\",\"breadcrumb\":{\"@id\":\"https:\/\/www.ac-informatique.fr\/?page_id=7#breadcrumb\"},\"inLanguage\":\"fr-FR\",\"potentialAction\":[{\"@type\":\"ReadAction\",\"target\":[\"https:\/\/www.ac-informatique.fr\/?page_id=7\"]}]},{\"@type\":\"ImageObject\",\"inLanguage\":\"fr-FR\",\"@id\":\"https:\/\/www.ac-informatique.fr\/?page_id=7#primaryimage\",\"url\":\"http:\/\/ac-informatique.fr\/wp-content\/uploads\/2022\/06\/PhotoBureau-1-1024x768.jpg\",\"contentUrl\":\"http:\/\/ac-informatique.fr\/wp-content\/uploads\/2022\/06\/PhotoBureau-1-1024x768.jpg\"},{\"@type\":\"BreadcrumbList\",\"@id\":\"https:\/\/www.ac-informatique.fr\/?page_id=7#breadcrumb\",\"itemListElement\":[{\"@type\":\"ListItem\",\"position\":1,\"name\":\"Accueil\",\"item\":\"http:\/\/www.ac-informatique.fr\/\"},{\"@type\":\"ListItem\",\"position\":2,\"name\":\"\u00c0 propos\"}]},{\"@type\":\"WebSite\",\"@id\":\"http:\/\/www.ac-informatique.fr\/#website\",\"url\":\"http:\/\/www.ac-informatique.fr\/\",\"name\":\"AC INFORMATIQUE\",\"description\":\"Votre service Informatique de proximit\u00e9\",\"publisher\":{\"@id\":\"http:\/\/www.ac-informatique.fr\/#organization\"},\"potentialAction\":[{\"@type\":\"SearchAction\",\"target\":{\"@type\":\"EntryPoint\",\"urlTemplate\":\"http:\/\/www.ac-informatique.fr\/?s={search_term_string}\"},\"query-input\":\"required name=search_term_string\"}],\"inLanguage\":\"fr-FR\"},{\"@type\":\"Organization\",\"@id\":\"http:\/\/www.ac-informatique.fr\/#organization\",\"name\":\"AC INFORMATIQUE\",\"url\":\"http:\/\/www.ac-informatique.fr\/\",\"logo\":{\"@type\":\"ImageObject\",\"inLanguage\":\"fr-FR\",\"@id\":\"http:\/\/www.ac-informatique.fr\/#\/schema\/logo\/image\/\",\"url\":\"http:\/\/www.ac-informatique.fr\/wp-content\/uploads\/2022\/06\/LogoACI.jpg\",\"contentUrl\":\"http:\/\/www.ac-informatique.fr\/wp-content\/uploads\/2022\/06\/LogoACI.jpg\",\"width\":303,\"height\":222,\"caption\":\"AC INFORMATIQUE\"},\"image\":{\"@id\":\"http:\/\/www.ac-informatique.fr\/#\/schema\/logo\/image\/\"}}]}<\/script>\n<!-- \/ Yoast SEO plugin. -->","yoast_head_json":{"title":"\u00c0 propos - AC INFORMATIQUE","robots":{"index":"index","follow":"follow","max-snippet":"max-snippet:-1","max-image-preview":"max-image-preview:large","max-video-preview":"max-video-preview:-1"},"canonical":"https:\/\/www.ac-informatique.fr\/?page_id=7","og_locale":"fr_FR","og_type":"article","og_title":"\u00c0 propos - AC INFORMATIQUE","og_url":"https:\/\/www.ac-informatique.fr\/?page_id=7","og_site_name":"AC INFORMATIQUE","article_modified_time":"2022-06-08T14:31:15+00:00","og_image":[{"url":"http:\/\/ac-informatique.fr\/wp-content\/uploads\/2022\/06\/PhotoBureau-1-1024x768.jpg"}],"twitter_card":"summary_large_image","twitter_misc":{"Dur\u00e9e de lecture estim\u00e9e":"1 minute"},"schema":{"@context":"https:\/\/schema.org","@graph":[{"@type":"WebPage","@id":"https:\/\/www.ac-informatique.fr\/?page_id=7","url":"https:\/\/www.ac-informatique.fr\/?page_id=7","name":"\u00c0 propos - AC INFORMATIQUE","isPartOf":{"@id":"http:\/\/www.ac-informatique.fr\/#website"},"primaryImageOfPage":{"@id":"https:\/\/www.ac-informatique.fr\/?page_id=7#primaryimage"},"image":{"@id":"https:\/\/www.ac-informatique.fr\/?page_id=7#primaryimage"},"thumbnailUrl":"http:\/\/ac-informatique.fr\/wp-content\/uploads\/2022\/06\/PhotoBureau-1-1024x768.jpg","datePublished":"2022-06-02T12:56:58+00:00","dateModified":"2022-06-08T14:31:15+00:00","breadcrumb":{"@id":"https:\/\/www.ac-informatique.fr\/?page_id=7#breadcrumb"},"inLanguage":"fr-FR","potentialAction":[{"@type":"ReadAction","target":["https:\/\/www.ac-informatique.fr\/?page_id=7"]}]},{"@type":"ImageObject","inLanguage":"fr-FR","@id":"https:\/\/www.ac-informatique.fr\/?page_id=7#primaryimage","url":"http:\/\/ac-informatique.fr\/wp-content\/uploads\/2022\/06\/PhotoBureau-1-1024x768.jpg","contentUrl":"http:\/\/ac-informatique.fr\/wp-content\/uploads\/2022\/06\/PhotoBureau-1-1024x768.jpg"},{"@type":"BreadcrumbList","@id":"https:\/\/www.ac-informatique.fr\/?page_id=7#breadcrumb","itemListElement":[{"@type":"ListItem","position":1,"name":"Accueil","item":"http:\/\/www.ac-informatique.fr\/"},{"@type":"ListItem","position":2,"name":"\u00c0 propos"}]},{"@type":"WebSite","@id":"http:\/\/www.ac-informatique.fr\/#website","url":"http:\/\/www.ac-informatique.fr\/","name":"AC INFORMATIQUE","description":"Votre service Informatique de proximit\u00e9","publisher":{"@id":"http:\/\/www.ac-informatique.fr\/#organization"},"potentialAction":[{"@type":"SearchAction","target":{"@type":"EntryPoint","urlTemplate":"http:\/\/www.ac-informatique.fr\/?s={search_term_string}"},"query-input":"required name=search_term_string"}],"inLanguage":"fr-FR"},{"@type":"Organization","@id":"http:\/\/www.ac-informatique.fr\/#organization","name":"AC INFORMATIQUE","url":"http:\/\/www.ac-informatique.fr\/","logo":{"@type":"ImageObject","inLanguage":"fr-FR","@id":"http:\/\/www.ac-informatique.fr\/#\/schema\/logo\/image\/","url":"http:\/\/www.ac-informatique.fr\/wp-content\/uploads\/2022\/06\/LogoACI.jpg","contentUrl":"http:\/\/www.ac-informatique.fr\/wp-content\/uploads\/2022\/06\/LogoACI.jpg","width":303,"height":222,"caption":"AC INFORMATIQUE"},"image":{"@id":"http:\/\/www.ac-informatique.fr\/#\/schema\/logo\/image\/"}}]}},"_links":{"self":[{"href":"https:\/\/www.ac-informatique.fr\/index.php?rest_route=\/wp\/v2\/pages\/7","targetHints":{"allow":["GET"]}}],"collection":[{"href":"https:\/\/www.ac-informatique.fr\/index.php?rest_route=\/wp\/v2\/pages"}],"about":[{"href":"https:\/\/www.ac-informatique.fr\/index.php?rest_route=\/wp\/v2\/types\/page"}],"author":[{"embeddable":true,"href":"https:\/\/www.ac-informatique.fr\/index.php?rest_route=\/wp\/v2\/users\/1"}],"replies":[{"embeddable":true,"href":"https:\/\/www.ac-informatique.fr\/index.php?rest_route=%2Fwp%2Fv2%2Fcomments&post=7"}],"version-history":[{"count":12,"href":"https:\/\/www.ac-informatique.fr\/index.php?rest_route=\/wp\/v2\/pages\/7\/revisions"}],"predecessor-version":[{"id":107,"href":"https:\/\/www.ac-informatique.fr\/index.php?rest_route=\/wp\/v2\/pages\/7\/revisions\/107"}],"wp:attachment":[{"href":"https:\/\/www.ac-informatique.fr\/index.php?rest_route=%2Fwp%2Fv2%2Fmedia&parent=7"}],"curies":[{"name":"wp","href":"https:\/\/api.w.org\/{rel}","templated":true}]}}