{"id":6,"date":"2022-06-02T14:56:58","date_gmt":"2022-06-02T12:56:58","guid":{"rendered":"http:\/\/ac-informatique.fr\/?page_id=6"},"modified":"2022-06-08T16:36:43","modified_gmt":"2022-06-08T14:36:43","slug":"ac-informatique","status":"publish","type":"page","link":"https:\/\/www.ac-informatique.fr\/","title":{"rendered":"Accueil"},"content":{"rendered":"\n<div class=\"wp-block-cover alignfull is-light\" style=\"min-height:700px;aspect-ratio:unset;\"><span aria-hidden=\"true\" class=\"wp-block-cover__background has-background-dim-0 has-background-dim\"><\/span><img decoding=\"async\" class=\"wp-block-cover__image-background\" alt=\"\" src=\"http:\/\/ac-informatique.fr\/wp-content\/themes\/neve\/assets\/img\/starter-content\/hero.jpg\" style=\"object-position:50% 64%\" data-object-fit=\"cover\" data-object-position=\"50% 64%\"\/><div class=\"wp-block-cover__inner-container is-layout-flow wp-block-cover-is-layout-flow\">\n<div style=\"height:80px\" aria-hidden=\"true\" class=\"wp-block-spacer\"><\/div>\n\n\n\n<h1 class=\"has-text-align-center has-text-color wp-block-heading\" style=\"color:#121212\">Votre Service Informatique<\/h1>\n\n\n\n<h1 class=\"has-text-align-center has-text-color wp-block-heading\" style=\"color:#121212\">de Proximit\u00e9<\/h1>\n\n\n\n<p class=\"has-text-align-center has-text-color\" style=\"color:#121212;font-size:17px\">Bas\u00e9e \u00e0 ROANNE, notre structure vous accompagne, que vous soyez professionnel ou particulier, pour tous vos projets informatiques.<\/p>\n\n\n\n<div class=\"wp-block-buttons is-content-justification-center is-layout-flex wp-container-core-buttons-is-layout-16018d1d wp-block-buttons-is-layout-flex\"><\/div>\n\n\n\n<div style=\"height:80px\" aria-hidden=\"true\" class=\"wp-block-spacer\"><\/div>\n\n\n\n<div style=\"height:80px\" aria-hidden=\"true\" class=\"wp-block-spacer\"><\/div>\n<\/div><\/div>\n\n\n\n<div style=\"height:80px\" aria-hidden=\"true\" class=\"wp-block-spacer\"><\/div>\n\n\n\n<div class=\"wp-block-columns is-layout-flex wp-container-core-columns-is-layout-9d6595d7 wp-block-columns-is-layout-flex\">\n<div class=\"wp-block-column is-layout-flow wp-block-column-is-layout-flow\"><div class=\"wp-block-image icon-style is-style-default\">\n<figure class=\"aligncenter is-resized\"><img loading=\"lazy\" decoding=\"async\" src=\"http:\/\/ac-informatique.fr\/wp-content\/themes\/neve\/assets\/img\/starter-content\/icon-03.svg\" alt=\"\" width=\"48\" height=\"48\"\/><\/figure>\n<\/div>\n\n\n<h3 class=\"has-text-align-center has-neve-text-color-color has-text-color wp-block-heading\">Prix<\/h3>\n\n\n\n<p class=\"has-text-align-center\">Notre structure \u00e0 taille humaine nous permet de pratiquer des prix attractifs<\/p>\n\n\n\n<div style=\"height:20px\" aria-hidden=\"true\" class=\"wp-block-spacer\"><\/div>\n<\/div>\n\n\n\n<div class=\"wp-block-column is-layout-flow wp-block-column-is-layout-flow\"><div class=\"wp-block-image icon-style is-style-default\">\n<figure class=\"aligncenter is-resized\"><img loading=\"lazy\" decoding=\"async\" src=\"http:\/\/ac-informatique.fr\/wp-content\/themes\/neve\/assets\/img\/starter-content\/icon-02.svg\" alt=\"\" width=\"48\" height=\"48\"\/><\/figure>\n<\/div>\n\n\n<h3 class=\"has-text-align-center has-neve-text-color-color has-text-color wp-block-heading\">R\u00e9activit\u00e9<\/h3>\n\n\n\n<p class=\"has-text-align-center\">Nous intervenons rapidement dans toute la r\u00e9gion Roannaise<\/p>\n\n\n\n<div style=\"height:20px\" aria-hidden=\"true\" class=\"wp-block-spacer\"><\/div>\n<\/div>\n\n\n\n<div class=\"wp-block-column is-layout-flow wp-block-column-is-layout-flow\"><div class=\"wp-block-image icon-style is-style-rounded\">\n<figure class=\"aligncenter is-resized\"><img loading=\"lazy\" decoding=\"async\" src=\"http:\/\/ac-informatique.fr\/wp-content\/themes\/neve\/assets\/img\/starter-content\/icon-01.svg\" alt=\"\" width=\"48\" height=\"48\"\/><\/figure>\n<\/div>\n\n\n<h3 class=\"has-text-align-center has-neve-text-color-color has-text-color wp-block-heading\">Efficacit\u00e9<\/h3>\n\n\n\n<p class=\"has-text-align-center\">Notre exp\u00e9rience et notre savoir-faire nous donnent une r\u00e9elle valeur ajout\u00e9e<\/p>\n\n\n\n<div style=\"height:20px\" aria-hidden=\"true\" class=\"wp-block-spacer\"><\/div>\n<\/div>\n<\/div>\n\n\n\n<p><\/p>\n","protected":false},"excerpt":{"rendered":"<p>Prix Notre structure \u00e0 taille humaine nous permet de pratiquer des prix attractifs R\u00e9activit\u00e9 Nous intervenons rapidement dans toute la r\u00e9gion Roannaise Efficacit\u00e9 Notre exp\u00e9rience et notre savoir-faire nous donnent une r\u00e9elle valeur ajout\u00e9e<\/p>\n","protected":false},"author":1,"featured_media":0,"parent":0,"menu_order":0,"comment_status":"closed","ping_status":"closed","template":"","meta":{"neve_meta_sidebar":"","neve_meta_container":"","neve_meta_enable_content_width":"on","neve_meta_content_width":100,"neve_meta_title_alignment":"","neve_meta_author_avatar":"","neve_post_elements_order":"","neve_meta_disable_header":"","neve_meta_disable_footer":"","neve_meta_disable_title":"on","footnotes":""},"class_list":["post-6","page","type-page","status-publish","hentry"],"yoast_head":"<!-- This site is optimized with the Yoast SEO plugin v22.8 - https:\/\/yoast.com\/wordpress\/plugins\/seo\/ -->\n<title>Accueil - AC INFORMATIQUE<\/title>\n<meta name=\"description\" content=\"AC INFORMATIQUE ROANNE LOGICIEL DE GESTION\" \/>\n<meta name=\"robots\" content=\"index, follow, max-snippet:-1, max-image-preview:large, max-video-preview:-1\" \/>\n<link rel=\"canonical\" href=\"http:\/\/www.ac-informatique.fr\/\" \/>\n<meta property=\"og:locale\" content=\"fr_FR\" \/>\n<meta property=\"og:type\" content=\"article\" \/>\n<meta property=\"og:title\" content=\"Accueil - AC INFORMATIQUE\" \/>\n<meta property=\"og:description\" content=\"AC INFORMATIQUE ROANNE LOGICIEL DE GESTION\" \/>\n<meta property=\"og:url\" content=\"http:\/\/www.ac-informatique.fr\/\" \/>\n<meta property=\"og:site_name\" content=\"AC INFORMATIQUE\" \/>\n<meta property=\"article:modified_time\" content=\"2022-06-08T14:36:43+00:00\" \/>\n<meta property=\"og:image\" content=\"http:\/\/ac-informatique.fr\/wp-content\/themes\/neve\/assets\/img\/starter-content\/hero.jpg\" \/>\n<meta name=\"twitter:card\" content=\"summary_large_image\" \/>\n<meta name=\"twitter:label1\" content=\"Dur\u00e9e de lecture estim\u00e9e\" \/>\n\t<meta name=\"twitter:data1\" content=\"2 minutes\" \/>\n<script type=\"application\/ld+json\" class=\"yoast-schema-graph\">{\"@context\":\"https:\/\/schema.org\",\"@graph\":[{\"@type\":\"WebPage\",\"@id\":\"http:\/\/www.ac-informatique.fr\/\",\"url\":\"http:\/\/www.ac-informatique.fr\/\",\"name\":\"Accueil - AC INFORMATIQUE\",\"isPartOf\":{\"@id\":\"http:\/\/www.ac-informatique.fr\/#website\"},\"primaryImageOfPage\":{\"@id\":\"http:\/\/www.ac-informatique.fr\/#primaryimage\"},\"image\":{\"@id\":\"http:\/\/www.ac-informatique.fr\/#primaryimage\"},\"thumbnailUrl\":\"http:\/\/ac-informatique.fr\/wp-content\/themes\/neve\/assets\/img\/starter-content\/hero.jpg\",\"datePublished\":\"2022-06-02T12:56:58+00:00\",\"dateModified\":\"2022-06-08T14:36:43+00:00\",\"description\":\"AC INFORMATIQUE ROANNE LOGICIEL DE GESTION\",\"breadcrumb\":{\"@id\":\"http:\/\/www.ac-informatique.fr\/#breadcrumb\"},\"inLanguage\":\"fr-FR\",\"potentialAction\":[{\"@type\":\"ReadAction\",\"target\":[\"http:\/\/www.ac-informatique.fr\/\"]}]},{\"@type\":\"ImageObject\",\"inLanguage\":\"fr-FR\",\"@id\":\"http:\/\/www.ac-informatique.fr\/#primaryimage\",\"url\":\"http:\/\/ac-informatique.fr\/wp-content\/themes\/neve\/assets\/img\/starter-content\/hero.jpg\",\"contentUrl\":\"http:\/\/ac-informatique.fr\/wp-content\/themes\/neve\/assets\/img\/starter-content\/hero.jpg\"},{\"@type\":\"BreadcrumbList\",\"@id\":\"http:\/\/www.ac-informatique.fr\/#breadcrumb\",\"itemListElement\":[{\"@type\":\"ListItem\",\"position\":1,\"name\":\"Accueil\",\"item\":\"http:\/\/www.ac-informatique.fr\/\"},{\"@type\":\"ListItem\",\"position\":2,\"name\":\"Accueil\"}]},{\"@type\":\"WebSite\",\"@id\":\"http:\/\/www.ac-informatique.fr\/#website\",\"url\":\"http:\/\/www.ac-informatique.fr\/\",\"name\":\"AC INFORMATIQUE\",\"description\":\"Votre service Informatique de proximit\u00e9\",\"publisher\":{\"@id\":\"http:\/\/www.ac-informatique.fr\/#organization\"},\"potentialAction\":[{\"@type\":\"SearchAction\",\"target\":{\"@type\":\"EntryPoint\",\"urlTemplate\":\"http:\/\/www.ac-informatique.fr\/?s={search_term_string}\"},\"query-input\":\"required name=search_term_string\"}],\"inLanguage\":\"fr-FR\"},{\"@type\":\"Organization\",\"@id\":\"http:\/\/www.ac-informatique.fr\/#organization\",\"name\":\"AC INFORMATIQUE\",\"url\":\"http:\/\/www.ac-informatique.fr\/\",\"logo\":{\"@type\":\"ImageObject\",\"inLanguage\":\"fr-FR\",\"@id\":\"http:\/\/www.ac-informatique.fr\/#\/schema\/logo\/image\/\",\"url\":\"http:\/\/www.ac-informatique.fr\/wp-content\/uploads\/2022\/06\/LogoACI.jpg\",\"contentUrl\":\"http:\/\/www.ac-informatique.fr\/wp-content\/uploads\/2022\/06\/LogoACI.jpg\",\"width\":303,\"height\":222,\"caption\":\"AC INFORMATIQUE\"},\"image\":{\"@id\":\"http:\/\/www.ac-informatique.fr\/#\/schema\/logo\/image\/\"}}]}<\/script>\n<!-- \/ Yoast SEO plugin. -->","yoast_head_json":{"title":"Accueil - AC INFORMATIQUE","description":"AC INFORMATIQUE ROANNE LOGICIEL DE GESTION","robots":{"index":"index","follow":"follow","max-snippet":"max-snippet:-1","max-image-preview":"max-image-preview:large","max-video-preview":"max-video-preview:-1"},"canonical":"http:\/\/www.ac-informatique.fr\/","og_locale":"fr_FR","og_type":"article","og_title":"Accueil - AC INFORMATIQUE","og_description":"AC INFORMATIQUE ROANNE LOGICIEL DE GESTION","og_url":"http:\/\/www.ac-informatique.fr\/","og_site_name":"AC INFORMATIQUE","article_modified_time":"2022-06-08T14:36:43+00:00","og_image":[{"url":"http:\/\/ac-informatique.fr\/wp-content\/themes\/neve\/assets\/img\/starter-content\/hero.jpg"}],"twitter_card":"summary_large_image","twitter_misc":{"Dur\u00e9e de lecture estim\u00e9e":"2 minutes"},"schema":{"@context":"https:\/\/schema.org","@graph":[{"@type":"WebPage","@id":"http:\/\/www.ac-informatique.fr\/","url":"http:\/\/www.ac-informatique.fr\/","name":"Accueil - AC INFORMATIQUE","isPartOf":{"@id":"http:\/\/www.ac-informatique.fr\/#website"},"primaryImageOfPage":{"@id":"http:\/\/www.ac-informatique.fr\/#primaryimage"},"image":{"@id":"http:\/\/www.ac-informatique.fr\/#primaryimage"},"thumbnailUrl":"http:\/\/ac-informatique.fr\/wp-content\/themes\/neve\/assets\/img\/starter-content\/hero.jpg","datePublished":"2022-06-02T12:56:58+00:00","dateModified":"2022-06-08T14:36:43+00:00","description":"AC INFORMATIQUE ROANNE LOGICIEL DE GESTION","breadcrumb":{"@id":"http:\/\/www.ac-informatique.fr\/#breadcrumb"},"inLanguage":"fr-FR","potentialAction":[{"@type":"ReadAction","target":["http:\/\/www.ac-informatique.fr\/"]}]},{"@type":"ImageObject","inLanguage":"fr-FR","@id":"http:\/\/www.ac-informatique.fr\/#primaryimage","url":"http:\/\/ac-informatique.fr\/wp-content\/themes\/neve\/assets\/img\/starter-content\/hero.jpg","contentUrl":"http:\/\/ac-informatique.fr\/wp-content\/themes\/neve\/assets\/img\/starter-content\/hero.jpg"},{"@type":"BreadcrumbList","@id":"http:\/\/www.ac-informatique.fr\/#breadcrumb","itemListElement":[{"@type":"ListItem","position":1,"name":"Accueil","item":"http:\/\/www.ac-informatique.fr\/"},{"@type":"ListItem","position":2,"name":"Accueil"}]},{"@type":"WebSite","@id":"http:\/\/www.ac-informatique.fr\/#website","url":"http:\/\/www.ac-informatique.fr\/","name":"AC INFORMATIQUE","description":"Votre service Informatique de proximit\u00e9","publisher":{"@id":"http:\/\/www.ac-informatique.fr\/#organization"},"potentialAction":[{"@type":"SearchAction","target":{"@type":"EntryPoint","urlTemplate":"http:\/\/www.ac-informatique.fr\/?s={search_term_string}"},"query-input":"required name=search_term_string"}],"inLanguage":"fr-FR"},{"@type":"Organization","@id":"http:\/\/www.ac-informatique.fr\/#organization","name":"AC INFORMATIQUE","url":"http:\/\/www.ac-informatique.fr\/","logo":{"@type":"ImageObject","inLanguage":"fr-FR","@id":"http:\/\/www.ac-informatique.fr\/#\/schema\/logo\/image\/","url":"http:\/\/www.ac-informatique.fr\/wp-content\/uploads\/2022\/06\/LogoACI.jpg","contentUrl":"http:\/\/www.ac-informatique.fr\/wp-content\/uploads\/2022\/06\/LogoACI.jpg","width":303,"height":222,"caption":"AC INFORMATIQUE"},"image":{"@id":"http:\/\/www.ac-informatique.fr\/#\/schema\/logo\/image\/"}}]}},"_links":{"self":[{"href":"https:\/\/www.ac-informatique.fr\/index.php?rest_route=\/wp\/v2\/pages\/6","targetHints":{"allow":["GET"]}}],"collection":[{"href":"https:\/\/www.ac-informatique.fr\/index.php?rest_route=\/wp\/v2\/pages"}],"about":[{"href":"https:\/\/www.ac-informatique.fr\/index.php?rest_route=\/wp\/v2\/types\/page"}],"author":[{"embeddable":true,"href":"https:\/\/www.ac-informatique.fr\/index.php?rest_route=\/wp\/v2\/users\/1"}],"replies":[{"embeddable":true,"href":"https:\/\/www.ac-informatique.fr\/index.php?rest_route=%2Fwp%2Fv2%2Fcomments&post=6"}],"version-history":[{"count":8,"href":"https:\/\/www.ac-informatique.fr\/index.php?rest_route=\/wp\/v2\/pages\/6\/revisions"}],"predecessor-version":[{"id":96,"href":"https:\/\/www.ac-informatique.fr\/index.php?rest_route=\/wp\/v2\/pages\/6\/revisions\/96"}],"wp:attachment":[{"href":"https:\/\/www.ac-informatique.fr\/index.php?rest_route=%2Fwp%2Fv2%2Fmedia&parent=6"}],"curies":[{"name":"wp","href":"https:\/\/api.w.org\/{rel}","templated":true}]}}